{"id":4034,"date":"2017-07-03T19:41:55","date_gmt":"2017-07-03T19:41:55","guid":{"rendered":"http:\/\/librairiemoderne.com\/?page_id=4034"},"modified":"2019-03-10T17:22:57","modified_gmt":"2019-03-10T17:22:57","slug":"abonnement-a-notre-info-lette","status":"publish","type":"page","link":"https:\/\/librairiemoderne.com\/?page_id=4034","title":{"rendered":"Abonnement \u00e0 notre infolettre!"},"content":{"rendered":"<p><a href=\"https:\/\/librairiemoderne.com\/wp-content\/uploads\/2017\/07\/Infolettre-ballons.png\"><img loading=\"lazy\" decoding=\"async\" class=\"size-full wp-image-4055 alignleft\" src=\"https:\/\/librairiemoderne.com\/wp-content\/uploads\/2017\/07\/Infolettre-ballons.png\" alt=\"\" width=\"600\" height=\"200\" srcset=\"https:\/\/librairiemoderne.com\/wp-content\/uploads\/2017\/07\/Infolettre-ballons.png 600w, https:\/\/librairiemoderne.com\/wp-content\/uploads\/2017\/07\/Infolettre-ballons-300x100.png 300w\" sizes=\"auto, (max-width: 600px) 100vw, 600px\" \/><\/a><\/p>\n<h5><script>(function() {\n\twindow.mc4wp = window.mc4wp || {\n\t\tlisteners: [],\n\t\tforms: {\n\t\t\ton: function(evt, cb) {\n\t\t\t\twindow.mc4wp.listeners.push(\n\t\t\t\t\t{\n\t\t\t\t\t\tevent   : evt,\n\t\t\t\t\t\tcallback: cb\n\t\t\t\t\t}\n\t\t\t\t);\n\t\t\t}\n\t\t}\n\t}\n})();\n<\/script><!-- Mailchimp for WordPress v4.12.1 - https:\/\/wordpress.org\/plugins\/mailchimp-for-wp\/ --><form id=\"mc4wp-form-1\" class=\"mc4wp-form mc4wp-form-4035\" method=\"post\" data-id=\"4035\" data-name=\"Abonnement \u00e0 l&#039;infolettre de la Librairie Moderne\" ><div class=\"mc4wp-form-fields\"><p>\r\n\t<label>Votre adresse courriel : <\/label>\r\n\t<input type=\"email\" name=\"EMAIL\" placeholder=\"Votre courriel\" required \/>\r\n<\/p>\r\n\r\n<p>\r\n    <label>Votre pr\u00e9nom : <\/label>\r\n    <input name=\"FNAME\" required=\"\" type=\"text\">\r\n<\/p>\r\n\r\n<p>\r\n    <label>Votre nom de famille : <\/label>\r\n    <input name=\"LNAME\" required=\"\" type=\"text\">\r\n<\/p>\r\n\r\n<p>\r\n\t<input type=\"submit\" value=\"S'abonner \u00e0 l'infolettre\" \/>\r\n<\/p><\/div><label style=\"display: none !important;\">Laissez ce champ vide si vous \u00eates humain\u00a0: <input type=\"text\" name=\"_mc4wp_honeypot\" value=\"\" tabindex=\"-1\" autocomplete=\"off\" \/><\/label><input type=\"hidden\" name=\"_mc4wp_timestamp\" value=\"1777809366\" \/><input type=\"hidden\" name=\"_mc4wp_form_id\" value=\"4035\" \/><input type=\"hidden\" name=\"_mc4wp_form_element_id\" value=\"mc4wp-form-1\" \/><div class=\"mc4wp-response\"><\/div><\/form><!-- \/ Mailchimp for WordPress Plugin --><\/h5>\n<hr \/>\n<h3>Pourquoi s&rsquo;abonner?<\/h3>\n<ul>\n<li>Obtenez des rabais et des offres r\u00e9serv\u00e9s exclusivement aux abonn\u00e9s de notre infolettre!<\/li>\n<li>Demeurez au courant des \u00e9v\u00e9nements importants en librairie.<\/li>\n<li>Recevez en primeur l&rsquo;information concernant nos concours en ligne et en librairie.<\/li>\n<\/ul>\n<h3>Notre promesse envers vous :<\/h3>\n<p>Rassurez-vous, on ne vous enverra pas une tonne de courriels par semaine (nous aussi, on d\u00e9teste les compagnies qui font \u00e7a!). Des infolettres vous parviendront un maximum de 4 fois par mois et uniquement lorsque nous avons des informations pertinentes \u00e0 vous communiquer. Bien s\u00fbr, vous pourrez en tout temps vous retirer de notre liste d&rsquo;envoi.<\/p>\n","protected":false},"excerpt":{"rendered":"<p>Pourquoi s&rsquo;abonner? Obtenez des rabais et des offres r\u00e9serv\u00e9s exclusivement aux abonn\u00e9s de notre infolettre! Demeurez au courant des \u00e9v\u00e9nements importants en librairie. Recevez en primeur l&rsquo;information concernant nos concours en ligne et en librairie. Notre promesse envers vous : Rassurez-vous, on ne vous enverra pas une tonne de courriels par semaine (nous aussi, on d\u00e9teste les compagnies qui font [&#8230;]<\/p>\n","protected":false},"author":1,"featured_media":0,"parent":0,"menu_order":0,"comment_status":"closed","ping_status":"closed","template":"","meta":{"footnotes":""},"class_list":["post-4034","page","type-page","status-publish","hentry"],"_links":{"self":[{"href":"https:\/\/librairiemoderne.com\/index.php?rest_route=\/wp\/v2\/pages\/4034","targetHints":{"allow":["GET"]}}],"collection":[{"href":"https:\/\/librairiemoderne.com\/index.php?rest_route=\/wp\/v2\/pages"}],"about":[{"href":"https:\/\/librairiemoderne.com\/index.php?rest_route=\/wp\/v2\/types\/page"}],"author":[{"embeddable":true,"href":"https:\/\/librairiemoderne.com\/index.php?rest_route=\/wp\/v2\/users\/1"}],"replies":[{"embeddable":true,"href":"https:\/\/librairiemoderne.com\/index.php?rest_route=%2Fwp%2Fv2%2Fcomments&post=4034"}],"version-history":[{"count":0,"href":"https:\/\/librairiemoderne.com\/index.php?rest_route=\/wp\/v2\/pages\/4034\/revisions"}],"wp:attachment":[{"href":"https:\/\/librairiemoderne.com\/index.php?rest_route=%2Fwp%2Fv2%2Fmedia&parent=4034"}],"curies":[{"name":"wp","href":"https:\/\/api.w.org\/{rel}","templated":true}]}}