{"id":5051,"date":"2019-01-15T16:31:56","date_gmt":"2019-01-15T16:31:56","guid":{"rendered":"http:\/\/librairiemoderne.com\/?page_id=5051"},"modified":"2026-01-09T21:43:06","modified_gmt":"2026-01-09T21:43:06","slug":"nous-joindre-new","status":"publish","type":"page","link":"https:\/\/librairiemoderne.com\/?page_id=5051","title":{"rendered":"Nous joindre"},"content":{"rendered":"\n<h3 class=\"wp-block-heading\" id=\"adresse\">Adresse<\/h3>\n\n\n\n<p>1001, boulevard du S\u00e9minaire Nord<br>Saint-Jean-sur-Richelieu, QC  J3A 1K1 (Canada)<br><a href=\"http:\/\/maps.google.ca\/maps?f=q&amp;source=embed&amp;hl=fr&amp;geocode=&amp;q=librairie+moderne&amp;sll=49.891235,-97.15369&amp;sspn=25.825869,56.601563&amp;ie=UTF8&amp;cid=45335781,-73267607,4769668668368774069&amp;ll=45.336943,-73.270869&amp;spn=0.01448,0.027466&amp;z=15&amp;iwloc=A\">Itin\u00e9raire via Google Maps<\/a><\/p>\n\n\n\n<h3 class=\"wp-block-heading\" id=\"contact\">Contact<\/h3>\n\n\n\n<p><strong>T\u00e9l\u00e9phone : <\/strong>450 349-4584<br><strong>Courriel :<\/strong> <a href=\"mailto:service@librairiemoderne.com\">service@librairiemoderne.com<\/a><\/p>\n\n\n\n<h3 class=\"wp-block-heading\" id=\"reseaux-sociaux\">R\u00e9seaux sociaux<\/h3>\n\n\n\n<ul class=\"wp-block-list\">\n<li><a href=\"http:\/\/www.facebook.com\/pages\/Librairie-Moderne\/116273561812212\">Page Facebook &#8211; division livres<\/a><\/li>\n\n\n\n<li><a href=\"https:\/\/www.facebook.com\/Librairie-Moderne-Division-jouets-354354795076353\/\">Page Facebook &#8211; division jouets<\/a><\/li>\n<\/ul>\n\n\n\n<h3 class=\"wp-block-heading\" id=\"modes-de-paiement-acceptes\">Modes de paiement accept\u00e9s<\/h3>\n\n\n\n<ul class=\"wp-block-list\">\n<li>Argent comptant<\/li>\n\n\n\n<li>Carte d\u00e9bit (Interac)<\/li>\n\n\n\n<li>Visa<\/li>\n\n\n\n<li>MasterCard<\/li>\n\n\n\n<li>American Express<\/li>\n\n\n\n<li>Cartes-cadeaux de la Librairie Moderne et de la Librairie Larico\n<ul class=\"wp-block-list\">\n<li><a href=\"https:\/\/www.bookmanager.com\/librmod\/?q=h.cart.gcfuncs\">V\u00e9rifier votre balance en ligne<\/a><\/li>\n<\/ul>\n<\/li>\n\n\n\n<li>Cartes-cadeaux des LIQ (R\u00e9seau des Librairies Ind\u00e9pendantes du Qu\u00e9bec)\n<ul class=\"wp-block-list\">\n<li><a href=\"https:\/\/www.leslibraires.ca\/nos-librairies\/?\">\u00c9changeable dans plus de 80 librairies ind\u00e9pendantes \u00e0 travers du Qu\u00e9bec!<\/a><\/li>\n\n\n\n<li><a href=\"https:\/\/moderne.leslibraires.ca\/carte-cadeau\/\">Disponible pour achat sur notre site web<\/a><\/li>\n<\/ul>\n<\/li>\n<\/ul>\n\n\n\n<h3 class=\"wp-block-heading\" id=\"nos-heures-d-ouverture\">Nos heures d&rsquo;ouverture<\/h3>\n\n\n\n<figure class=\"wp-block-table is-style-stripes\"><table><tbody><tr><td class=\"has-text-align-left\" data-align=\"left\"><strong>Lundi<\/strong><\/td><td class=\"has-text-align-left\" data-align=\"left\">9h \u00e0 18h<\/td><\/tr><tr><td class=\"has-text-align-left\" data-align=\"left\"><strong>Mardi<\/strong><\/td><td class=\"has-text-align-left\" data-align=\"left\">9h \u00e0 18h<\/td><\/tr><tr><td class=\"has-text-align-left\" data-align=\"left\"><strong>Mercredi<\/strong><\/td><td class=\"has-text-align-left\" data-align=\"left\">9h \u00e0 18h<\/td><\/tr><tr><td class=\"has-text-align-left\" data-align=\"left\"><strong>Jeudi<\/strong><\/td><td class=\"has-text-align-left\" data-align=\"left\">9h \u00e0 20h<\/td><\/tr><tr><td class=\"has-text-align-left\" data-align=\"left\"><strong>Vendredi<\/strong><\/td><td class=\"has-text-align-left\" data-align=\"left\">9h \u00e0 20h<\/td><\/tr><tr><td class=\"has-text-align-left\" data-align=\"left\"><strong>Samedi<\/strong><\/td><td class=\"has-text-align-left\" data-align=\"left\">9h \u00e0 17h<\/td><\/tr><tr><td class=\"has-text-align-left\" data-align=\"left\"><strong>Dimanche<\/strong><\/td><td class=\"has-text-align-left\" data-align=\"left\">9h \u00e0 17h<\/td><\/tr><\/tbody><\/table><\/figure>\n\n\n\n<h3 class=\"wp-block-heading\" id=\"fermetures-pour-journees-feriees\">Fermetures pour journ\u00e9es f\u00e9ri\u00e9es<\/h3>\n\n\n\n<p>La librairie est ferm\u00e9e exceptionnellement pour les journ\u00e9es f\u00e9ri\u00e9es suivantes :<\/p>\n\n\n\n<figure class=\"wp-block-table is-style-stripes\"><table><tbody><tr><td><strong>Journ\u00e9e f\u00e9ri\u00e9e<\/strong><\/td><td><strong>2026<\/strong><\/td><\/tr><tr><td>Jour de l&rsquo;an<\/td><td>1 et 2 janvier<\/td><\/tr><tr><td>P\u00e2ques (dimanche)<\/td><td>19 avril<\/td><\/tr><tr><td>P\u00e2ques (lundi)<\/td><td>20 avril<\/td><\/tr><tr><td>Journ\u00e9e nationale des patriotes<\/td><td>18 mai<\/td><\/tr><tr><td>F\u00eate nationale<\/td><td>24 juin<\/td><\/tr><tr><td>F\u00eate du Canada<\/td><td>1er juillet<\/td><\/tr><tr><td>F\u00eate du travail<\/td><td>1er septembre<\/td><\/tr><tr><td>Action de gr\u00e2ces<\/td><td>12 octobre<\/td><\/tr><tr><td>Jour de No\u00ebl <\/td><td>25 d\u00e9cembre<\/td><\/tr><\/tbody><\/table><\/figure>\n\n\n\n<p><\/p>\n","protected":false},"excerpt":{"rendered":"<p>Adresse 1001, boulevard du S\u00e9minaire NordSaint-Jean-sur-Richelieu, QC J3A 1K1 (Canada)Itin\u00e9raire via Google Maps Contact T\u00e9l\u00e9phone : 450 349-4584Courriel : service@librairiemoderne.com R\u00e9seaux sociaux Modes de paiement accept\u00e9s Nos heures d&rsquo;ouverture Lundi 9h \u00e0 18h Mardi 9h \u00e0 18h Mercredi 9h \u00e0 18h Jeudi 9h \u00e0 20h Vendredi 9h \u00e0 20h Samedi 9h \u00e0 17h Dimanche 9h \u00e0 17h Fermetures pour journ\u00e9es [&#8230;]<\/p>\n","protected":false},"author":1,"featured_media":0,"parent":0,"menu_order":0,"comment_status":"closed","ping_status":"closed","template":"","meta":{"footnotes":""},"class_list":["post-5051","page","type-page","status-publish","hentry"],"_links":{"self":[{"href":"https:\/\/librairiemoderne.com\/index.php?rest_route=\/wp\/v2\/pages\/5051","targetHints":{"allow":["GET"]}}],"collection":[{"href":"https:\/\/librairiemoderne.com\/index.php?rest_route=\/wp\/v2\/pages"}],"about":[{"href":"https:\/\/librairiemoderne.com\/index.php?rest_route=\/wp\/v2\/types\/page"}],"author":[{"embeddable":true,"href":"https:\/\/librairiemoderne.com\/index.php?rest_route=\/wp\/v2\/users\/1"}],"replies":[{"embeddable":true,"href":"https:\/\/librairiemoderne.com\/index.php?rest_route=%2Fwp%2Fv2%2Fcomments&post=5051"}],"version-history":[{"count":3,"href":"https:\/\/librairiemoderne.com\/index.php?rest_route=\/wp\/v2\/pages\/5051\/revisions"}],"predecessor-version":[{"id":6869,"href":"https:\/\/librairiemoderne.com\/index.php?rest_route=\/wp\/v2\/pages\/5051\/revisions\/6869"}],"wp:attachment":[{"href":"https:\/\/librairiemoderne.com\/index.php?rest_route=%2Fwp%2Fv2%2Fmedia&parent=5051"}],"curies":[{"name":"wp","href":"https:\/\/api.w.org\/{rel}","templated":true}]}}