{"id":5660,"date":"2020-07-21T17:36:20","date_gmt":"2020-07-21T17:36:20","guid":{"rendered":"http:\/\/librairiemoderne.com\/?page_id=5660"},"modified":"2023-04-18T18:42:59","modified_gmt":"2023-04-18T18:42:59","slug":"rentree-2020-2021-politique-de-retour-des-cahiers","status":"publish","type":"page","link":"https:\/\/librairiemoderne.com\/?page_id=5660","title":{"rendered":"Politique de retour des cahiers"},"content":{"rendered":"\n<p><strong>N&rsquo;\u00e9crivez rien dans les cahiers que vous achetez avant l&rsquo;approbation du professeur lors de la rentr\u00e9e et gardez votre re\u00e7u de caisse. Dans l&rsquo;improbabilit\u00e9 que vous n&rsquo;ayez pas re\u00e7u le bon cahier, nous ne pourrons pas accepter les retours de cahiers crayonn\u00e9s, modifi\u00e9s ou ab\u00eem\u00e9s donc :<\/strong><\/p>\n\n\n\n<ul class=\"wp-block-list\">\n<li>N&rsquo;identifiez pas les cahiers au nom de l&rsquo;\u00e9l\u00e8ve; n&rsquo;\u00e9crivez rien dessus ou \u00e0 l&rsquo;int\u00e9rieur.<\/li>\n\n\n\n<li>Ne les recouvrez pas d&rsquo;une pellicule plastique adh\u00e9sive.<\/li>\n\n\n\n<li>\u00c9vitez de les endommager.<\/li>\n\n\n\n<li>Rapportez votre re\u00e7u de caisse avec vous.<\/li>\n<\/ul>\n","protected":false},"excerpt":{"rendered":"<p>N&rsquo;\u00e9crivez rien dans les cahiers que vous achetez avant l&rsquo;approbation du professeur lors de la rentr\u00e9e et gardez votre re\u00e7u de caisse. Dans l&rsquo;improbabilit\u00e9 que vous n&rsquo;ayez pas re\u00e7u le bon cahier, nous ne pourrons pas accepter les retours de cahiers crayonn\u00e9s, modifi\u00e9s ou ab\u00eem\u00e9s donc :<\/p>\n","protected":false},"author":1,"featured_media":0,"parent":0,"menu_order":0,"comment_status":"closed","ping_status":"closed","template":"","meta":{"footnotes":""},"class_list":["post-5660","page","type-page","status-publish","hentry"],"_links":{"self":[{"href":"https:\/\/librairiemoderne.com\/index.php?rest_route=\/wp\/v2\/pages\/5660","targetHints":{"allow":["GET"]}}],"collection":[{"href":"https:\/\/librairiemoderne.com\/index.php?rest_route=\/wp\/v2\/pages"}],"about":[{"href":"https:\/\/librairiemoderne.com\/index.php?rest_route=\/wp\/v2\/types\/page"}],"author":[{"embeddable":true,"href":"https:\/\/librairiemoderne.com\/index.php?rest_route=\/wp\/v2\/users\/1"}],"replies":[{"embeddable":true,"href":"https:\/\/librairiemoderne.com\/index.php?rest_route=%2Fwp%2Fv2%2Fcomments&post=5660"}],"version-history":[{"count":0,"href":"https:\/\/librairiemoderne.com\/index.php?rest_route=\/wp\/v2\/pages\/5660\/revisions"}],"wp:attachment":[{"href":"https:\/\/librairiemoderne.com\/index.php?rest_route=%2Fwp%2Fv2%2Fmedia&parent=5660"}],"curies":[{"name":"wp","href":"https:\/\/api.w.org\/{rel}","templated":true}]}}