{"id":5664,"date":"2020-07-21T17:39:55","date_gmt":"2020-07-21T17:39:55","guid":{"rendered":"http:\/\/librairiemoderne.com\/?page_id=5664"},"modified":"2023-06-03T16:57:44","modified_gmt":"2023-06-03T16:57:44","slug":"rentree-2020-2021-foire-aux-questions","status":"publish","type":"page","link":"https:\/\/librairiemoderne.com\/?page_id=5664","title":{"rendered":"Foire aux questions pour la rentr\u00e9e scolaire"},"content":{"rendered":"\n<h5 class=\"wp-block-heading\"><strong>Est-ce que mes cahiers sont disponibles dans n&rsquo;importe quelle librairie de la r\u00e9gion?<\/strong><\/h5>\n\n\n\n<p><strong>Non.<\/strong> Chaque \u00e9cole de la commission scolaire a \u00e9t\u00e9 associ\u00e9e \u00e0 une librairie de la r\u00e9gion afin que cette derni\u00e8re puisse offrir l&rsquo;ensemble des cahiers n\u00e9cessaires pour votre enfant.<br><\/p>\n\n\n\n<h5 class=\"wp-block-heading\">Est-ce que les cahiers vendus par la Librairie Moderne sont plus chers qu&rsquo;ailleurs?<\/h5>\n\n\n\n<p><strong>Pas du tout.<\/strong> Toutes les librairies participantes s&rsquo;engagent \u00e0 offrir les cahiers \u00e0 des prix comp\u00e9titifs et ce, certifi\u00e9s par un contrat de service entre la commission scolaire, l&rsquo;\u00e9cole et la librairie.<br><\/p>\n\n\n\n<h5 class=\"wp-block-heading\">Quand peut-on&nbsp;se procurer nos cahiers?<\/h5>\n\n\n\n<p>Pour vous \u00e9viter des d\u00e9placements inutiles en librairie, vous pouvez v\u00e9rifier la disponibilit\u00e9 de vos cahiers sur notre page web. Cette liste est mise \u00e0 jour r\u00e9guli\u00e8rement.<br><br><span style=\"text-decoration: underline;\">Pour les \u00e9coles primaires :<\/span><br>Vous pourrez vous procurez vos cahiers d\u00e8s la deuxi\u00e8me semaine de juillet.<br>Pour \u00e9viter des d\u00e9placements inutiles en librairie, il est possible de <a href=\"https:\/\/librairiemoderne.com\/?p=6313\" data-type=\"post\" data-id=\"6313\">consulter la disponibilit\u00e9 des cahiers sur ce site web<\/a>.<br><br><span style=\"text-decoration: underline;\">Pour la Polyvalente Marcel-Landry :<\/span><br>Veuillez attendre votre \u00ab\u00a0\u00c9tat de compte de l\u2019ann\u00e9e 202x-202x \u00bb et apportez-le avec vous en librairie. Ce document constitue la liste d\u00e9finitive des cours, options et cahiers que vous devez vous procurer chez nous. <strong>Seuls les cahiers identifi\u00e9s avec la mention \u00ab\u00a0Fournisseur externe\u00a0\u00bb doivent \u00eatre achet\u00e9s \u00e0 la librairie.<\/strong><br>L\u2019\u00e9tat de compte, g\u00e9n\u00e9ralement remis \u00e0 l\u2019\u00e9l\u00e8ve lors de la journ\u00e9e d\u2019enregistrement \u00e0 la mi-ao\u00fbt, pourrait \u00eatre envoy\u00e9 par la poste. Si vous n\u2019ayez pas re\u00e7u votre \u00e9tat de compte suite \u00e0 la journ\u00e9e d\u2019enregistrement, pr\u00e9sentez-vous en librairie et nous ferons de notre mieux pour vous aider.<br><br><span style=\"text-decoration: underline;\">Pour les autres \u00e9coles secondaires :<\/span><br>Veuillez attendre les instructions de votre \u00e9cole pour savoir quand et comment r\u00e9cup\u00e9rer vos cahiers. Pour vous \u00e9viter des d\u00e9placements inutiles en librairie, vous pouvez v\u00e9rifier la disponibilit\u00e9 de vos cahiers sur notre page web. Cette liste est mise \u00e0 jour r\u00e9guli\u00e8rement.<\/p>\n\n\n\n<h5 class=\"wp-block-heading\">Quel est l&rsquo;horaire de la Librairie Moderne?<\/h5>\n\n\n\n<p>Vous pouvez consulter nos heures d&rsquo;ouverture sur la page <a href=\"https:\/\/librairiemoderne.com\/?page_id=5051\">Nous joindre<\/a>. Veuillez prendre note que la librairie sera ferm\u00e9e pour la f\u00eate du travail.<br><\/p>\n\n\n\n<h5 class=\"wp-block-heading\">Est-ce que je peux placer ma commande sur votre site web?<\/h5>\n\n\n\n<p><strong>Malheureusement, non.<\/strong> Nous envisageons d&rsquo;offrir ce service \u00e9ventuellement, mais il faudra vous d\u00e9placer en librairie pour vous les procurer.<br><\/p>\n\n\n\n<h5 class=\"wp-block-heading\">Est-il possible de r\u00e9server mes cahiers d&rsquo;exercices maintenant et de les ramasser plus tard?<\/h5>\n\n\n\n<p><strong>Non,<\/strong> la mise de c\u00f4t\u00e9 des cahiers d&rsquo;exercices n&rsquo;est pas possible. Soyez rassur\u00e9s, nous aurons la quantit\u00e9 n\u00e9cessaire pour l&rsquo;ensemble des \u00e9l\u00e8ves inscrits \u00e0 votre \u00e9cole. Pour \u00e9viter des d\u00e9placements inutiles en librairie, il est possible de <a href=\"https:\/\/librairiemoderne.com\/?p=6313\" data-type=\"post\" data-id=\"6313\">consulter la disponibilit\u00e9 des cahiers sur ce site web<\/a>.<\/p>\n","protected":false},"excerpt":{"rendered":"<p>Est-ce que mes cahiers sont disponibles dans n&rsquo;importe quelle librairie de la r\u00e9gion? Non. Chaque \u00e9cole de la commission scolaire a \u00e9t\u00e9 associ\u00e9e \u00e0 une librairie de la r\u00e9gion afin que cette derni\u00e8re puisse offrir l&rsquo;ensemble des cahiers n\u00e9cessaires pour votre enfant. Est-ce que les cahiers vendus par la Librairie Moderne sont plus chers qu&rsquo;ailleurs? Pas du tout. Toutes les [&#8230;]<\/p>\n","protected":false},"author":1,"featured_media":0,"parent":0,"menu_order":0,"comment_status":"closed","ping_status":"closed","template":"","meta":{"footnotes":""},"class_list":["post-5664","page","type-page","status-publish","hentry"],"_links":{"self":[{"href":"https:\/\/librairiemoderne.com\/index.php?rest_route=\/wp\/v2\/pages\/5664","targetHints":{"allow":["GET"]}}],"collection":[{"href":"https:\/\/librairiemoderne.com\/index.php?rest_route=\/wp\/v2\/pages"}],"about":[{"href":"https:\/\/librairiemoderne.com\/index.php?rest_route=\/wp\/v2\/types\/page"}],"author":[{"embeddable":true,"href":"https:\/\/librairiemoderne.com\/index.php?rest_route=\/wp\/v2\/users\/1"}],"replies":[{"embeddable":true,"href":"https:\/\/librairiemoderne.com\/index.php?rest_route=%2Fwp%2Fv2%2Fcomments&post=5664"}],"version-history":[{"count":0,"href":"https:\/\/librairiemoderne.com\/index.php?rest_route=\/wp\/v2\/pages\/5664\/revisions"}],"wp:attachment":[{"href":"https:\/\/librairiemoderne.com\/index.php?rest_route=%2Fwp%2Fv2%2Fmedia&parent=5664"}],"curies":[{"name":"wp","href":"https:\/\/api.w.org\/{rel}","templated":true}]}}