{"id":977,"date":"2015-04-10T18:57:00","date_gmt":"2015-04-10T18:57:00","guid":{"rendered":"http:\/\/librairiemoderne.com\/?page_id=977"},"modified":"2026-01-07T02:12:29","modified_gmt":"2026-01-07T02:12:29","slug":"categories-de-produits","status":"publish","type":"page","link":"https:\/\/librairiemoderne.com\/","title":{"rendered":"La plus grande librairie ind\u00e9pendante de la r\u00e9gion"},"content":{"rendered":"\n<div class=\"wp-block-columns are-vertically-aligned-top is-layout-flex wp-container-core-columns-is-layout-9d6595d7 wp-block-columns-is-layout-flex\">\n<div class=\"wp-block-column is-layout-flow wp-block-column-is-layout-flow\">\n<div style=\"max-width:100%;\">\n      <iframe\n        src=\"https:\/\/www.facebook.com\/plugins\/page.php?href=https%3A%2F%2Fwww.facebook.com%2Fprofile.php%3Fid%3D100028246227152&#038;tabs=timeline\"\n        style=\"border:none;overflow:hidden;width:100%;height:450px\"\n        scrolling=\"no\"\n        frameborder=\"0\"\n        allowfullscreen=\"true\"\n        allow=\"autoplay; clipboard-write; encrypted-media; picture-in-picture; web-share\">\n      <\/iframe>\n    <\/div>\n<\/div>\n\n\n\n<div class=\"wp-block-column is-layout-flow wp-block-column-is-layout-flow\">\n<div style=\"max-width:100%;\">\n      <iframe\n        src=\"https:\/\/www.facebook.com\/plugins\/page.php?href=https%3A%2F%2Fwww.facebook.com%2Fprofile.php%3Fid%3D100063778501544&#038;tabs=timeline\"\n        style=\"border:none;overflow:hidden;width:100%;height:450px\"\n        scrolling=\"no\"\n        frameborder=\"0\"\n        allowfullscreen=\"true\"\n        allow=\"autoplay; clipboard-write; encrypted-media; picture-in-picture; web-share\">\n      <\/iframe>\n    <\/div>\n<\/div>\n<\/div>\n\n\n\n<p>En plus d&rsquo;offrir une grande vari\u00e9t\u00e9 de livres en fran\u00e7ais et en anglais, notre entreprise offre aussi plusieurs autres cat\u00e9gories de produits dont des:<\/p>\n\n\n\n<ul class=\"wp-block-list\">\n<li>Jeux de soci\u00e9t\u00e9<\/li>\n\n\n\n<li>Casse-t\u00eates<\/li>\n\n\n\n<li>Articles de papeterie<\/li>\n\n\n\n<li>Sacs \u00e0 dos et \u00e0 bandouli\u00e8re<\/li>\n\n\n\n<li>Porte-clefs<\/li>\n\n\n\n<li>Jouets pour b\u00e9b\u00e9<\/li>\n\n\n\n<li>Figurines<\/li>\n\n\n\n<li>Jouets pour filles<\/li>\n\n\n\n<li>Jouets pour gar\u00e7ons<\/li>\n\n\n\n<li>D\u00e9guisements<\/li>\n\n\n\n<li>Sacs cadeaux<\/li>\n<\/ul>\n\n\n\n<p>Nous nous faisons un devoir de vous offrir le meilleur service possible \u00e0 chacune de vos visites. Ainsi, nous nous informons toujours sur les nouvelles sorties et actualit\u00e9s sur le march\u00e9 des livres et des jouets pour que vous ayez acc\u00e8s aux derni\u00e8res nouveaut\u00e9s disponibles.<\/p>\n\n\n\n<p>Pour plus d&rsquo;informations&nbsp;ou pour des questions, vous pouvez nous contacter directement en magasin au 450-349-4584.<\/p>\n\n\n\n<p>&nbsp;<\/p>\n","protected":false},"excerpt":{"rendered":"<p>En plus d&rsquo;offrir une grande vari\u00e9t\u00e9 de livres en fran\u00e7ais et en anglais, notre entreprise offre aussi plusieurs autres cat\u00e9gories de produits dont des: Nous nous faisons un devoir de vous offrir le meilleur service possible \u00e0 chacune de vos visites. Ainsi, nous nous informons toujours sur les nouvelles sorties et actualit\u00e9s sur le march\u00e9 des livres et des jouets [&#8230;]<\/p>\n","protected":false},"author":1,"featured_media":0,"parent":0,"menu_order":0,"comment_status":"closed","ping_status":"closed","template":"","meta":{"footnotes":""},"class_list":["post-977","page","type-page","status-publish","hentry"],"_links":{"self":[{"href":"https:\/\/librairiemoderne.com\/index.php?rest_route=\/wp\/v2\/pages\/977","targetHints":{"allow":["GET"]}}],"collection":[{"href":"https:\/\/librairiemoderne.com\/index.php?rest_route=\/wp\/v2\/pages"}],"about":[{"href":"https:\/\/librairiemoderne.com\/index.php?rest_route=\/wp\/v2\/types\/page"}],"author":[{"embeddable":true,"href":"https:\/\/librairiemoderne.com\/index.php?rest_route=\/wp\/v2\/users\/1"}],"replies":[{"embeddable":true,"href":"https:\/\/librairiemoderne.com\/index.php?rest_route=%2Fwp%2Fv2%2Fcomments&post=977"}],"version-history":[{"count":10,"href":"https:\/\/librairiemoderne.com\/index.php?rest_route=\/wp\/v2\/pages\/977\/revisions"}],"predecessor-version":[{"id":6865,"href":"https:\/\/librairiemoderne.com\/index.php?rest_route=\/wp\/v2\/pages\/977\/revisions\/6865"}],"wp:attachment":[{"href":"https:\/\/librairiemoderne.com\/index.php?rest_route=%2Fwp%2Fv2%2Fmedia&parent=977"}],"curies":[{"name":"wp","href":"https:\/\/api.w.org\/{rel}","templated":true}]}}